{"id":6,"date":"2023-11-17T06:07:55","date_gmt":"2023-11-17T06:07:55","guid":{"rendered":"https:\/\/hghm.de\/?page_id=6"},"modified":"2024-06-04T09:57:28","modified_gmt":"2024-06-04T09:57:28","slug":"holistischer-geistheiler-manfred","status":"publish","type":"page","link":"https:\/\/hghm.de\/","title":{"rendered":"Holistischer Geistheiler Manfred"},"content":{"rendered":"\n\n\n\n<p class=\"wp-container-content-0733e5d0 is-layout-flow wp-block-column-is-layout-flow is-layout-flex wp-container-core-columns-is-layout-28f84493 wp-block-columns-is-layout-flex has-global-padding is-layout-constrained wp-container-core-group-is-layout-669513ed wp-block-group-is-layout-constrained\" style=\"text-align: left;\">\u00a0 \u00a0 \u00a0 \u00a0 \u00a0 \u00a0Bedeutung<\/p>\n\n\n\n\n<p class=\"is-layout-flow wp-block-column-is-layout-flow\" style=\"line-height: 1.2;\">Was bedeutet holistischer Geistheiler, arbeitet nicht jeder Geistheiler holistisch?<\/p>\n\n\n<p>Mit holistisch ist das Ganzheitliche, K\u00f6rper, Geist und Seele gemeint.<\/p>\n\n\n<p>Ein Geistheiler, der holistisch arbeitet, kann auf der k\u00f6rperlichen Ebene Beschwerden lindern oder ganz weg machen. Er kann St\u00f6rungen auf der k\u00f6rperlichen Ebene erf\u00fchlen, egal ob frische oder alte.<\/p>\n\n\n<p>Ebenso arbeitet er auch mit dem Geistigen. Geistige Verletzungen k\u00f6nnen ebenso per Geistheilung verarbeitet und aufgel\u00f6st werden. Geistige Verletzungen sind auf der einen Seite psychischer Natur, auf der anderen Seite k\u00f6nnen sie sich k\u00f6rperlich zeigen.<\/p>\n\n\n<p>Bei den Seelen ist es verzwickt. Seelen sind vom Wesen her Reinheit und Vollkommenheit pur, sie sind das G\u00f6ttliche in uns. Oft sind Menschen jedoch von dieser G\u00f6ttlichkeit getrennt und ein guter Geistheiler kann diese Verbindung wieder herstellen. Auch was erdgebundene Seelen angeht, so kann er diese in das Licht f\u00fchren.<\/p>\n\n\n<p>Er ist auch Medium, da er zum Beispiel mit Seelen kommunizieren und sie auch sehen kann, je nachdem ob sie erdgebunden oder bereits in das Licht gegangen sind. Seelen, verbinden sich mit unserem Bewu\u00dftsein und sind daher auch in menschlicher Form sichtbar. Sind sie nicht mit Bewu\u00dftsein verbunden, so erscheinen sie als Lichtk\u00f6rper.<\/p>\n\n\n<p>Auch Energien in Form von Erdstrahlen, wie zum Beispiel Wasseradern, oder die Energie von B\u00e4umen oder Anderem kann er erf\u00fchlen und diese beeinflussen.<\/p>\n\n\n\n\n\n<figure><img decoding=\"async\" src=\"http:\/\/hghm.de\/wp-content\/uploads\/2023\/11\/trauma-loesen2-1024x522.jpg\" alt=\"Befreie Dich von deinen Ketten\" \/><\/figure>\n\n\n\n\n\n\n\n<p class=\"has-global-padding is-content-justification-left is-layout-constrained wp-container-core-column-is-layout-4f15e8fe wp-block-column-is-layout-constrained is-layout-flex wp-container-core-columns-is-layout-549b0c86 wp-block-columns-is-layout-flex wp-container-core-group-is-layout-d89aad35 wp-block-group-is-layout-constrained\">Als holistischer Geistheiler sind mir die Verantwortung vor Gott, den Menschen, den Tieren und der Natur sehr bewu\u00dft.<\/p>\n\n\n\n\n<p class=\"is-layout-flow wp-container-core-column-is-layout-119bc444 wp-block-column-is-layout-flow\" style=\"line-height: 1.2;\">Energiearbeit, die sich nachweisen l\u00e4\u00dft.<\/p>\n\n\n\n\n<p class=\"is-layout-flow wp-block-column-is-layout-flow is-layout-flex wp-container-core-columns-is-layout-87beb0d0 wp-block-columns-is-layout-flex\">Ein Wissenschaftler namens Fritz Popp aus Neuss, entwickelte ein Ger\u00e4t, mit dem man Biophotonen nachweisen kann. Er hat verschiedene Untersuchungen an unterschiedlichen Objekten vorgenommen. Unter Anderem hat er die Hand eines Geistheilers aufgenommen. Er stellte damit fest, dass ein Geistheiler, wenn er seine Energie flie\u00dfen l\u00e4\u00dft, einen erh\u00f6hten Biophotonen Aussto\u00df aufweist. Dies hei\u00dft, es ist mess- und somit beweisbar, dass ein Geistheiler w\u00e4hrend seiner Arbeit erh\u00f6ht Biophotonen aus seinen H\u00e4nden ausst\u00f6\u00dft.<\/p>\n\n\n<p>Da Zellen Biophotonen erzeugen, ist es mit dieser Methodik nachweisbar, in welchem energetischen Zustand sich Pflanzen, Tiere, wie Menschen befinden.<\/p>\n\n\n<p>Je ausgeglichener das Objekt, desto harmonischer das Biophotonenfeld.<\/p>\n\n\n<p>Der Mensch macht da eine Ausnahme, fand Fritz Popp heraus.<\/p>\n\n\n<p>Er stellte fest, das Menschen ein eher gest\u00f6rtes Biophotonenfeld um sich herum aufweisen, was er sich jedoch nicht erkl\u00e4ren konnte.<\/p>\n\n\n\n\n<p class=\"is-layout-flow wp-block-column-is-layout-flow\">\u00dcber die Jahre meiner Geistheilert\u00e4tigkeit fand ich heraus, warum dem so ist.<\/p>\n\n\n<p>Fast jeder Mensch tr\u00e4gt ein Trauma in sich. Da das Unterbewu\u00dftsein st\u00e4ndig an der Aufl\u00f6sung dieses Traumas arbeitet, ziehen wir Ereignisse in unser Leben, welches dem Ereignis\/Ausl\u00f6ser des Traumas entspricht.<\/p>\n\n\n<p>Wenn wir nun st\u00e4ndig mit solchen Ereignissen konfrontiert werden, glauben wir, dass es sich immer um neue Traumatisierungen handeln w\u00fcrde und speichern die einhergehenden Emotionen in unseren Zellen ab. Dazu sp\u00e4ter weiteres.<\/p>\n\n\n<p>Da nun verschiedene traumatisch\/emotionale Herde in unserem K\u00f6rper abgespeichert sind und jeder Herd mit einer anderen Frequenz als unser restlicher K\u00f6rper strahlt, ist unser Energiehaushalt erheblich gest\u00f6rt und erzeugt somit ein disharmonisches Energiefeld um uns herum.<\/p>\n\n\n<p>Genau dies hatte Fritz Popp herausgefunden und dokumentiert.<\/p>\n\n\n\n\n\n\n\n\n<div class=\"wp-block-cover alignfull is-light has-parallax\" style=\"padding-top:var(--wp--preset--spacing--50);padding-right:var(--wp--preset--spacing--50);padding-bottom:var(--wp--preset--spacing--50);padding-left:var(--wp--preset--spacing--50);min-height:100vh;aspect-ratio:unset;\"><span aria-hidden=\"true\" class=\"wp-block-cover__background has-base-background-color has-background-dim-0 has-background-dim\"><\/span><div class=\"wp-block-cover__image-background wp-image-12 has-parallax\" style=\"background-position:50% 50%;background-image:url(http:\/\/hghm.de\/wp-content\/uploads\/2023\/11\/backgr.jpg)\"><\/div><div class=\"wp-block-cover__inner-container has-global-padding is-layout-constrained wp-container-core-cover-is-layout-e4fd886c wp-block-cover-is-layout-constrained\"><\/div><\/div>\n\n\n\n<div class=\"wp-block-group alignfull has-background has-global-padding is-layout-constrained wp-container-core-group-is-layout-7cd14b77 wp-block-group-is-layout-constrained\" style=\"background-color:#c9f8cd;margin-top:0;margin-bottom:0;padding-top:var(--wp--preset--spacing--60);padding-right:var(--wp--preset--spacing--60);padding-bottom:var(--wp--preset--spacing--60);padding-left:var(--wp--preset--spacing--60)\">\n\n\n<p class=\"is-layout-flow wp-block-group-is-layout-flow\" style=\"font-style: normal; font-weight: 400; line-height: 1.2;\">Es gibt nichts sch\u00f6neres, als Menschen, Tieren und der Natur mit diesen F\u00e4higkeiten helfen zu k\u00f6nnen.<\/p>\n\n\n<\/div>\n\n\n\n\n\n\n\n<figure class=\"is-vertical is-content-justification-stretch is-layout-flex wp-container-core-group-is-layout-ae24f51d wp-block-group-is-layout-flex is-layout-flow wp-block-column-is-layout-flow wp-container-core-columns-is-layout-d1c656ed wp-block-columns-is-layout-flex wp-elements-8843ba2593739fc3d3e75aec68802186 has-global-padding is-layout-constrained wp-container-core-group-is-layout-facafb6f wp-block-group-is-layout-constrained\"><img decoding=\"async\" style=\"aspect-ratio: 9\/16; object-fit: cover;\" src=\"http:\/\/hghm.de\/wp-content\/uploads\/2023\/11\/Energiearbeiter-3-1024x958.jpg\" alt=\"Eins mit dem Universum\" \/><\/figure>\n\n\n<p>Die Verbindung mit Allem was ist, ist das H\u00f6chste was man erreichen kann<\/p>\n\n\n\n\n\n\n<p class=\"has-global-padding is-layout-constrained wp-block-group-is-layout-constrained is-layout-flow wp-block-column-is-layout-flow\" style=\"font-style: normal; font-weight: 500; line-height: 1.2;\">Der Geist steht \u00fcber der Materie. Du bist Sch\u00f6pfer deines Seins, Du hast die Kontrolle oder nicht. Die Entscheidung liegt bei Dir.<\/p>\n\n\n\n\n<p class=\"is-layout-flow wp-block-group-is-layout-flow\">Jeder kann diese g\u00f6ttliche Energie f\u00fcr sich und sein Umfeld nutzen, er ben\u00f6tigt nur den Zugang zu seinem Herzen.<\/p>\n\n\n<figure><img decoding=\"async\" style=\"aspect-ratio: 9\/16; object-fit: cover;\" src=\"http:\/\/hghm.de\/wp-content\/uploads\/2023\/11\/Energiemensch.png\" alt=\"Energiemensch\" \/><\/figure>\n\n\n\n\n\n\n\n\n\n\n\n<p class=\"has-global-padding is-content-justification-left is-layout-constrained wp-container-core-column-is-layout-4f15e8fe wp-block-column-is-layout-constrained is-layout-flex wp-container-core-columns-is-layout-549b0c86 wp-block-columns-is-layout-flex wp-container-core-group-is-layout-d89aad35 wp-block-group-is-layout-constrained\">Transformation von energetischen Traumen<\/p>\n\n\n\n\n<p class=\"is-layout-flow wp-container-core-column-is-layout-119bc444 wp-block-column-is-layout-flow\" style=\"line-height: 1.2;\">Energiearbeit bei emotionalen Abspeicherungen in unseren Zellen<\/p>\n\n\n\n\n<p class=\"is-layout-flow wp-block-column-is-layout-flow is-layout-flex wp-container-core-columns-is-layout-87beb0d0 wp-block-columns-is-layout-flex\">Als Geistheiler ist mir neulich von einer Seherin, welche Energien\/Auren\/Chakren sehen kann, gesagt worden, dass meine Energie diese emotionalen Abspeicherungen harmonisiert. Sie hat w\u00e4hrend meiner Arbeit die Transformation sehen k\u00f6nnen. Sie sprach davon, dass sich das gest\u00f6rte Energiefeld weitete und sich dem restlichen Energiek\u00f6rper anpasste. Am Ende der Sitzung war der Energiek\u00f6rper des Behandelten wieder harmonisch und ausgeglichen.<\/p>\n\n\n<p>Nicht nur geistige Traumen, die in Zellen abgespeichert sind, lassen sich damit behandeln.<\/p>\n\n\n<p>Bei Operationen werden die Energiebahnen oft durchtrennt. Wenn die Wunde sp\u00e4ter vern\u00e4ht wird, kommt es schon mal vor, dass die Energiebahnen nicht wieder zusammen kommen.<\/p>\n\n\n<p>Oder es kommt vor, dass w\u00e4hrend einer Operation vom Chirurg im K\u00f6rper herumgewuselt wird und es entstehen St\u00f6rfelder im K\u00f6rper, welche nach der Op nicht wieder harmonisiert werden.<\/p>\n\n\n<p>Das Einsatzgebiet eines Geistheilers ist sehr umfangreich, doch zusammen gefa\u00dft geht es in erster Linie um Harmonisierung der Energien.<\/p>\n\n\n\n\n<p class=\"is-layout-flow wp-block-column-is-layout-flow\">Kommen wir zu den Emotionen, welche in den Zellen abgespeichert werden.<\/p>\n\n\n<p>Ein Arzt und Wissenschaftler namens Caligaris fand dies heraus. Er entwickelte eine Art Messverfahren, wonach sich diese Energiefelder nachweisen lie\u00dfen.<\/p>\n\n\n<p>Er fand bestimmte Hautstellen, die er Plaques nannte. Nach ausgiebigen Experimenten gelang es ihm mit verschiedenen Hilfsmitteln, Krankheiten zu heilen.<\/p>\n\n\n<p>Ein Geistheiler ist sich dieser Energien bewu\u00dft und arbeitet mit ihnen. Er sollte reinem Herzen sein, damit keine Altlast von ihm auf seine Hilfesuchenden \u00fcbertragen wird.<\/p>\n\n\n<p>Mit seiner starken Biophotonenausstrahlung bring er wieder Harmonie in das Gewebe, in die Zellen. Die energetischen Traumen l\u00f6sen sich auf und der K\u00f6rper kann wieder als Einheit strahlen. Dies bewirkt, dass sich die Selbstheilungskr\u00e4fte voll auf das Geschehen st\u00fcrzen k\u00f6nnen, was ihr durch das gest\u00f6rte Energiefeld erschwert wurde.<\/p>\n\n\n\n\n\n\n\n\n<div class=\"wp-block-cover alignfull is-light has-parallax\" style=\"padding-top:var(--wp--preset--spacing--50);padding-right:var(--wp--preset--spacing--50);padding-bottom:var(--wp--preset--spacing--50);padding-left:var(--wp--preset--spacing--50);min-height:100vh;aspect-ratio:unset;\"><span aria-hidden=\"true\" class=\"wp-block-cover__background has-base-background-color has-background-dim-0 has-background-dim\"><\/span><div class=\"wp-block-cover__image-background wp-image-16 has-parallax\" style=\"background-position:50% 50%;background-image:url(http:\/\/hghm.de\/wp-content\/uploads\/2023\/11\/Der-Schluessel-zum-goettlichen.jpg)\"><\/div><div class=\"wp-block-cover__inner-container has-global-padding is-layout-constrained wp-container-core-cover-is-layout-e4fd886c wp-block-cover-is-layout-constrained\"><\/div><\/div>\n\n\n\n\n\n\n<p class=\"has-global-padding is-content-justification-left is-layout-constrained wp-container-core-column-is-layout-4f15e8fe wp-block-column-is-layout-constrained is-layout-flex wp-container-core-columns-is-layout-549b0c86 wp-block-columns-is-layout-flex wp-container-core-group-is-layout-d89aad35 wp-block-group-is-layout-constrained\">Die Verletzlichkeit des Geistes und deren Heilung<\/p>\n\n\n\n\n<p class=\"is-layout-flow wp-container-core-column-is-layout-119bc444 wp-block-column-is-layout-flow\" style=\"line-height: 1.2;\">Unser Geist ist durch Bewertung und Verurteilung sehr verletzlich geworden<\/p>\n\n\n\n\n<p class=\"is-layout-flow wp-block-column-is-layout-flow is-layout-flex wp-container-core-columns-is-layout-87beb0d0 wp-block-columns-is-layout-flex\">Seit vielen Jahren wird es immer deutlicher, welche Auswirkungen Bewertungen der Dinge auf den Geist haben.<\/p>\n\n\n<p>Wir bewerten dies, wir bewerten das und meist im negativen Sinne und wenn wir dies tun, bemerken wir nicht, wie wir uns in einer Abw\u00e4rtsspirale bewegen. Durch diese negativen Bewertungen verdichtet sich die Energie um und in uns und macht uns tr\u00e4ge f\u00fcr positive Handlungen.<\/p>\n\n\n<p>Je mehr wir uns in dieser Negativspirale bewegen, desto grimmiger und unausgeglichen werden wir.<\/p>\n\n\n<p>Dann fangen wir mit &#8222;positivem Denken&#8220; an, wir zwingen uns f\u00f6rmlich im positiven zu sein. Doch gelingt es so nicht, da sich unsere geistige Grundstruktur auf das Bewerten eingestellt hat.<\/p>\n\n\n<p>Da wir nun in diesem Gef\u00e4ngnis der Bewertung gefangen sind, setzen wir fast jedes Wort auf die Goldwaage. Triggert uns nun ein Wort, ein Satz, sind wir sofort beleidigt oder gekr\u00e4nkt. Je nach Auslebung des Triggers, f\u00fchlen wir uns auch verletzt und je nach Bewertung sogar zu tiefst verletzt, was zu einem Trauma f\u00fchren kann.<\/p>\n\n\n<p>Durch Training in Achtsamkeit und Bewu\u00dftheit k\u00f6nnen wir uns von Bewertungen befreien und wieder freier leben.<\/p>\n\n\n\n\n<p class=\"is-layout-flow wp-block-column-is-layout-flow\">Ein holistischer Geistheiler kann dich auf diesem Weg begleiten, da er gut sieht, wo du zur Zeit gefangen bist und zeigt dir andere Sichtweisen. Durch Ver\u00e4nderung der Sichtweisen kommen wir auch schnell aus der Spirale der Bewertungen heraus, da Bewertungen nur aus einem Tunnelblick heraus entstehen k\u00f6nnen. Wir erleben eine Situation und schon, ohne sich die M\u00fche des Erkennens der Gesamtheit zu nehmen, gehen wir dahin uns eine Meinung bilden zu k\u00f6nnen.<\/p>\n\n\n\n\n\n\n\n\n<figure><img decoding=\"async\" src=\"https:\/\/hghm.de\/wp-content\/uploads\/2024\/01\/Geist-im-Treppenhausk-696x1024.png\" alt=\"\" \/><\/figure>\n\n\n\n\n\n\n<p class=\"has-global-padding is-content-justification-left is-layout-constrained wp-container-core-column-is-layout-4f15e8fe wp-block-column-is-layout-constrained is-layout-flex wp-container-core-columns-is-layout-549b0c86 wp-block-columns-is-layout-flex wp-container-core-group-is-layout-d89aad35 wp-block-group-is-layout-constrained\">Hast Du Geistwesen oder einen imagin\u00e4ren Freund Zuhause?<\/p>\n\n\n\n\n<p class=\"is-layout-flow wp-container-core-column-is-layout-119bc444 wp-block-column-is-layout-flow\" style=\"line-height: 1.2;\">Wie schaut es mit D\u00e4monen aus? Du wirst von D\u00e4monen verfolgt, egal wohin du ziehst oder dein Kind hat einen imagin\u00e4ren Freund?<\/p>\n\n\n\n\n<p class=\"is-layout-flow wp-block-column-is-layout-flow is-layout-flex wp-container-core-columns-is-layout-87beb0d0 wp-block-columns-is-layout-flex\">Erscheinungen sind nicht immer Seelen, die erdgebunden sind, es k\u00f6nnen ebenso unsere imagin\u00e4ren Freunde aus der Kindheit sein. Diese werden oft f\u00e4lschlicherweise D\u00e4monen genannt.<\/p>\n\n\n<p>Als Kinder sind wir mit all unseren F\u00e4higkeiten verbunden und somit k\u00f6nnen wir uns auch Besuch aus einer anderen Parallelwelt holen. Unbewu\u00dft wird eine Dimensionst\u00fcr ge\u00f6ffnet und ein Wesen aus dieser Welt kommt dann in unsere. F\u00fcr das Kind sichtbar, da es solche Wesenheiten noch sehen kann, f\u00fcr Erwachsenen nicht mehr, da sie dieses Sehen sehr fr\u00fch abgelegt haben.<\/p>\n\n\n<p>Nach Jahren hat das Kind auf dr\u00e4ngen Erwachsener von diesem Wesen vergessen, diese jedoch nicht vom Kind. Es sucht immerzu die N\u00e4he des Kindes, auch wenn es bereits erwachsen geworden ist. Da das Wesen nicht mehr wahrgenommen wird, ist es erz\u00fcrnt und sucht die Aufmerksamkeit in Formen, wie wir sie von sogenannten Poltergeistern her kennen.<\/p>\n\n\n<p>Es ist im Grunde recht einfach solch einem Spuck ein Ende zu bereiten, jedoch kennt diese Methode kaum einer.<\/p>\n\n\n<p>Ist diese Methode erst einmal erlernt, ist der Spuck schnell vorbei.<\/p>\n\n\n\n\n<p class=\"is-layout-flow wp-block-column-is-layout-flow\">F\u00fcr weitere Informationen stehe ich gerne zur Verf\u00fcgung.<\/p>\n\n\n<p>Kontaktiere mich entweder \u00fcber E-Mail: ghhm(\u00c4t)hghm.de<\/p>\n\n\n<p>oder per Telefon: 0176 69 25 92 55 (auch \u00fcber WhatsApp)<\/p>\n\n\n\n\n\n\n\n\n<p>&nbsp;<\/p>\n\n\n\n\n","protected":false},"excerpt":{"rendered":"<p>\u00a0 \u00a0 \u00a0 \u00a0 \u00a0 \u00a0Bedeutung Was bedeutet holistischer Geistheiler, arbeitet nicht jeder Geistheiler holistisch? Mit holistisch ist das Ganzheitliche, K\u00f6rper, Geist [&hellip;]<\/p>\n","protected":false},"author":1,"featured_media":0,"parent":0,"menu_order":0,"comment_status":"closed","ping_status":"closed","template":"page-templates\/page_fullwidth.php","meta":{"footnotes":""},"class_list":["post-6","page","type-page","status-publish","hentry"],"yoast_head":"<!-- This site is optimized with the Yoast SEO plugin v23.1 - https:\/\/yoast.com\/wordpress\/plugins\/seo\/ -->\n<title>Holistischer Geistheiler Manfred - Holistischer Geistheiler Manfred<\/title>\n<meta name=\"robots\" content=\"noindex, follow, max-snippet:-1, max-image-preview:large, max-video-preview:-1\" \/>\n<meta property=\"og:locale\" content=\"de_DE\" \/>\n<meta property=\"og:type\" content=\"article\" \/>\n<meta property=\"og:title\" content=\"Holistischer Geistheiler Manfred - Holistischer Geistheiler Manfred\" \/>\n<meta property=\"og:description\" content=\"\u00a0 \u00a0 \u00a0 \u00a0 \u00a0 \u00a0Bedeutung Was bedeutet holistischer Geistheiler, arbeitet nicht jeder Geistheiler holistisch? Mit holistisch ist das Ganzheitliche, K\u00f6rper, Geist [&hellip;]\" \/>\n<meta property=\"og:url\" content=\"https:\/\/hghm.de\/\" \/>\n<meta property=\"og:site_name\" content=\"Holistischer Geistheiler Manfred\" \/>\n<meta property=\"article:modified_time\" content=\"2024-06-04T09:57:28+00:00\" \/>\n<meta property=\"og:image\" content=\"http:\/\/hghm.de\/wp-content\/uploads\/2023\/11\/trauma-loesen2-1024x522.jpg\" \/>\n<meta name=\"twitter:card\" content=\"summary_large_image\" \/>\n<meta name=\"twitter:label1\" content=\"Gesch\u00e4tzte Lesezeit\" \/>\n\t<meta name=\"twitter:data1\" content=\"9\u00a0Minuten\" \/>\n<script type=\"application\/ld+json\" class=\"yoast-schema-graph\">{\"@context\":\"https:\/\/schema.org\",\"@graph\":[{\"@type\":\"WebPage\",\"@id\":\"https:\/\/hghm.de\/\",\"url\":\"https:\/\/hghm.de\/\",\"name\":\"Holistischer Geistheiler Manfred - Holistischer Geistheiler Manfred\",\"isPartOf\":{\"@id\":\"https:\/\/hghm.de\/#website\"},\"primaryImageOfPage\":{\"@id\":\"https:\/\/hghm.de\/#primaryimage\"},\"image\":{\"@id\":\"https:\/\/hghm.de\/#primaryimage\"},\"thumbnailUrl\":\"http:\/\/hghm.de\/wp-content\/uploads\/2023\/11\/trauma-loesen2-1024x522.jpg\",\"datePublished\":\"2023-11-17T06:07:55+00:00\",\"dateModified\":\"2024-06-04T09:57:28+00:00\",\"breadcrumb\":{\"@id\":\"https:\/\/hghm.de\/#breadcrumb\"},\"inLanguage\":\"de\",\"potentialAction\":[{\"@type\":\"ReadAction\",\"target\":[\"https:\/\/hghm.de\/\"]}]},{\"@type\":\"ImageObject\",\"inLanguage\":\"de\",\"@id\":\"https:\/\/hghm.de\/#primaryimage\",\"url\":\"https:\/\/hghm.de\/wp-content\/uploads\/2023\/11\/trauma-loesen2.jpg\",\"contentUrl\":\"https:\/\/hghm.de\/wp-content\/uploads\/2023\/11\/trauma-loesen2.jpg\",\"width\":1920,\"height\":978,\"caption\":\"Befreiung\"},{\"@type\":\"BreadcrumbList\",\"@id\":\"https:\/\/hghm.de\/#breadcrumb\",\"itemListElement\":[{\"@type\":\"ListItem\",\"position\":1,\"name\":\"Startseite\",\"item\":\"https:\/\/hghm.de\/\"},{\"@type\":\"ListItem\",\"position\":2,\"name\":\"Holistischer Geistheiler Manfred\"}]},{\"@type\":\"WebSite\",\"@id\":\"https:\/\/hghm.de\/#website\",\"url\":\"https:\/\/hghm.de\/\",\"name\":\"Holistischer Geistheiler Manfred\",\"description\":\"\",\"publisher\":{\"@id\":\"https:\/\/hghm.de\/#organization\"},\"potentialAction\":[{\"@type\":\"SearchAction\",\"target\":{\"@type\":\"EntryPoint\",\"urlTemplate\":\"https:\/\/hghm.de\/?s={search_term_string}\"},\"query-input\":\"required name=search_term_string\"}],\"inLanguage\":\"de\"},{\"@type\":\"Organization\",\"@id\":\"https:\/\/hghm.de\/#organization\",\"name\":\"Holistischer Geistheiler Manfred\",\"url\":\"https:\/\/hghm.de\/\",\"logo\":{\"@type\":\"ImageObject\",\"inLanguage\":\"de\",\"@id\":\"https:\/\/hghm.de\/#\/schema\/logo\/image\/\",\"url\":\"https:\/\/hghm.de\/wp-content\/uploads\/2023\/11\/Yin-Yang.jpg\",\"contentUrl\":\"https:\/\/hghm.de\/wp-content\/uploads\/2023\/11\/Yin-Yang.jpg\",\"width\":125,\"height\":125,\"caption\":\"Holistischer Geistheiler Manfred\"},\"image\":{\"@id\":\"https:\/\/hghm.de\/#\/schema\/logo\/image\/\"}}]}<\/script>\n<!-- \/ Yoast SEO plugin. -->","yoast_head_json":{"title":"Holistischer Geistheiler Manfred - Holistischer Geistheiler Manfred","robots":{"index":"noindex","follow":"follow","max-snippet":"max-snippet:-1","max-image-preview":"max-image-preview:large","max-video-preview":"max-video-preview:-1"},"og_locale":"de_DE","og_type":"article","og_title":"Holistischer Geistheiler Manfred - Holistischer Geistheiler Manfred","og_description":"\u00a0 \u00a0 \u00a0 \u00a0 \u00a0 \u00a0Bedeutung Was bedeutet holistischer Geistheiler, arbeitet nicht jeder Geistheiler holistisch? Mit holistisch ist das Ganzheitliche, K\u00f6rper, Geist [&hellip;]","og_url":"https:\/\/hghm.de\/","og_site_name":"Holistischer Geistheiler Manfred","article_modified_time":"2024-06-04T09:57:28+00:00","og_image":[{"url":"http:\/\/hghm.de\/wp-content\/uploads\/2023\/11\/trauma-loesen2-1024x522.jpg"}],"twitter_card":"summary_large_image","twitter_misc":{"Gesch\u00e4tzte Lesezeit":"9\u00a0Minuten"},"schema":{"@context":"https:\/\/schema.org","@graph":[{"@type":"WebPage","@id":"https:\/\/hghm.de\/","url":"https:\/\/hghm.de\/","name":"Holistischer Geistheiler Manfred - Holistischer Geistheiler Manfred","isPartOf":{"@id":"https:\/\/hghm.de\/#website"},"primaryImageOfPage":{"@id":"https:\/\/hghm.de\/#primaryimage"},"image":{"@id":"https:\/\/hghm.de\/#primaryimage"},"thumbnailUrl":"http:\/\/hghm.de\/wp-content\/uploads\/2023\/11\/trauma-loesen2-1024x522.jpg","datePublished":"2023-11-17T06:07:55+00:00","dateModified":"2024-06-04T09:57:28+00:00","breadcrumb":{"@id":"https:\/\/hghm.de\/#breadcrumb"},"inLanguage":"de","potentialAction":[{"@type":"ReadAction","target":["https:\/\/hghm.de\/"]}]},{"@type":"ImageObject","inLanguage":"de","@id":"https:\/\/hghm.de\/#primaryimage","url":"https:\/\/hghm.de\/wp-content\/uploads\/2023\/11\/trauma-loesen2.jpg","contentUrl":"https:\/\/hghm.de\/wp-content\/uploads\/2023\/11\/trauma-loesen2.jpg","width":1920,"height":978,"caption":"Befreiung"},{"@type":"BreadcrumbList","@id":"https:\/\/hghm.de\/#breadcrumb","itemListElement":[{"@type":"ListItem","position":1,"name":"Startseite","item":"https:\/\/hghm.de\/"},{"@type":"ListItem","position":2,"name":"Holistischer Geistheiler Manfred"}]},{"@type":"WebSite","@id":"https:\/\/hghm.de\/#website","url":"https:\/\/hghm.de\/","name":"Holistischer Geistheiler Manfred","description":"","publisher":{"@id":"https:\/\/hghm.de\/#organization"},"potentialAction":[{"@type":"SearchAction","target":{"@type":"EntryPoint","urlTemplate":"https:\/\/hghm.de\/?s={search_term_string}"},"query-input":"required name=search_term_string"}],"inLanguage":"de"},{"@type":"Organization","@id":"https:\/\/hghm.de\/#organization","name":"Holistischer Geistheiler Manfred","url":"https:\/\/hghm.de\/","logo":{"@type":"ImageObject","inLanguage":"de","@id":"https:\/\/hghm.de\/#\/schema\/logo\/image\/","url":"https:\/\/hghm.de\/wp-content\/uploads\/2023\/11\/Yin-Yang.jpg","contentUrl":"https:\/\/hghm.de\/wp-content\/uploads\/2023\/11\/Yin-Yang.jpg","width":125,"height":125,"caption":"Holistischer Geistheiler Manfred"},"image":{"@id":"https:\/\/hghm.de\/#\/schema\/logo\/image\/"}}]}},"_links":{"self":[{"href":"https:\/\/hghm.de\/index.php?rest_route=\/wp\/v2\/pages\/6","targetHints":{"allow":["GET"]}}],"collection":[{"href":"https:\/\/hghm.de\/index.php?rest_route=\/wp\/v2\/pages"}],"about":[{"href":"https:\/\/hghm.de\/index.php?rest_route=\/wp\/v2\/types\/page"}],"author":[{"embeddable":true,"href":"https:\/\/hghm.de\/index.php?rest_route=\/wp\/v2\/users\/1"}],"replies":[{"embeddable":true,"href":"https:\/\/hghm.de\/index.php?rest_route=%2Fwp%2Fv2%2Fcomments&post=6"}],"version-history":[{"count":48,"href":"https:\/\/hghm.de\/index.php?rest_route=\/wp\/v2\/pages\/6\/revisions"}],"predecessor-version":[{"id":123,"href":"https:\/\/hghm.de\/index.php?rest_route=\/wp\/v2\/pages\/6\/revisions\/123"}],"wp:attachment":[{"href":"https:\/\/hghm.de\/index.php?rest_route=%2Fwp%2Fv2%2Fmedia&parent=6"}],"curies":[{"name":"wp","href":"https:\/\/api.w.org\/{rel}","templated":true}]}}