{"id":86,"date":"2024-05-31T08:44:27","date_gmt":"2024-05-31T08:44:27","guid":{"rendered":"https:\/\/hghm.de\/?page_id=86"},"modified":"2024-05-31T10:07:01","modified_gmt":"2024-05-31T10:07:01","slug":"veroeffentlichte-beitraege","status":"publish","type":"page","link":"https:\/\/hghm.de\/?page_id=86","title":{"rendered":"Ver\u00f6ffentlichte Beitr\u00e4ge"},"content":{"rendered":"\n<h2 class=\"wp-block-heading\">Was du alles \u00fcber Geistwesen wissen solltest<\/h2>\n\n\n\n<p>Es gibt unterschiedliche Geistwesen.<\/p>\n\n\n\n<p>Da w\u00e4ren erdgebundene Seelen, Poltergeister und Jene, welche uns immer wieder im Kindesalter heimsuchen, egal wo wir wohnen. Dies hei\u00dft, sie begleiten uns bei jedem Umzug.<\/p>\n\n\n\n<p>Viele Menschen sind von mindestens Einem befallen.<\/p>\n\n\n\n<p>Doch was verbirgt sich in den meisten F\u00e4llen hinter diesen Ph\u00e4nomenen und wie werde ich sie wieder los?<\/p>\n\n\n\n<p>Zu erst einmal, m\u00fcssen wir schauen, um was es sich bei der Erscheinung handelt.<\/p>\n\n\n\n<p>Oft ist es nicht so schlimm und schneller zu l\u00f6sen, als gedacht.<\/p>\n\n\n\n<p><em>\u00dcber Erdgebundene Seelen<\/em><\/p>\n\n\n\n<p>Erdgebundene Seelen machen sich eher durch ihre Energie bemerkbar.<\/p>\n\n\n\n<p>Sie k\u00f6nnen auch in Menschen hinein fahren. Dies geschieht, wenn der Betroffene einen Unfall oder eine Operation (in Krankenh\u00e4usern gibt es sehr viele erdgebundene Seelen) hatte und kurzzeitig tot war. Im Moment des Todes, l\u00f6st sich die Seele vom K\u00f6rper, ist jedoch noch \u00fcber den oft beschriebenen goldenen Faden verbunden. Hat sich die Seele vom K\u00f6rper gel\u00f6st, kann es passieren, dass sie eine oder mehrere Seelen in diesen K\u00f6rper einklinken, sie besetzen ihn. Die eigene Seele kehrt zur\u00fcck und von da an beginnt ein kleiner Kampf den Seelen um die Herrschaft \u00fcber den K\u00f6rper. Der Betroffene verh\u00e4lt sich oft sehr eigenartig, steht f\u00f6rmlich neben sich. Dies wird in der Psychologie als schizophren bezeichnet.<\/p>\n\n\n\n<p>Die erdgebundenen Seelen, welche umher spuken, findet man gerne in alten Geb\u00e4uden, jedoch auch auf Friedh\u00f6fen, wie bereits erw\u00e4hnt, in Krankenh\u00e4usern oder auf ehemaligen Kriegsschaupl\u00e4tzen. Ein ehemaliger Kriegsschauplatz ist mir bekannt, dort \u201eterrorisieren\u201c die Seelen den ganzen Ort.<\/p>\n\n\n\n<p>Erdgebundene Seelen sind oft noch mit dem Bewu\u00dftsein ihres vorherigen Wirtes verbunden, daher erscheinen sie oft in der letzten Gestalt.<\/p>\n\n\n\n<p>Diese Seelen wissen nicht, dass ihr Wirt\/K\u00f6rper verstorben ist und wollen eigentlich nichts weiteres als in das Licht, zu ihrem Ursprung zur\u00fcck kehren. Was bei den Seelen jedoch schwer erkennbar ist, kontrollieren sie einen anderen K\u00f6rper.<\/p>\n\n\n\n<p>Die erdgebundenen Seelen nehmen gro\u00dfen Einflu\u00df auf die Menschen in ihrer Umgebung. Genauer genommen auf instabile Menschen. Je instabiler, desto gr\u00f6\u00dfer der Einflu\u00df.<\/p>\n\n\n\n<p>Es gibt drei formen von Energien, welche von erdgebundenen Seelen ausgehen. Die Einen sind ver\u00e4ngstigt, die Anderen aufgebracht und jene, die richtig zornig sind.<\/p>\n\n\n\n<p>Nun stell dir einen Menschen vor, der depressiv ist und in den Einflu\u00df einer Seele kommt, welche ver\u00e4ngstigt ist. Seine Depressionen verst\u00e4rken sich. Ebenso verh\u00e4lt es sich mir leicht reizbaren Menschen, wie den J\u00e4hzornigen.<\/p>\n\n\n\n<p>Habe in all den Jahren, in denen ich mit Seelen arbeite, genau diese Ph\u00e4nomene feststellen k\u00f6nnen.<\/p>\n\n\n\n<p><em>\u00dcber Geister, D\u00e4monen oder Poltergeister<\/em><\/p>\n\n\n\n<p>Schauen wir uns folgende Situation an&#8230;. da ist ein Kind, welches einen imagin\u00e4ren Freund hat. Dieser Freund besucht es regelm\u00e4\u00dfig. Sie unterhalten sich und spielen miteinander.<\/p>\n\n\n\n<p>Wer kommt zu Besuch? Es sind Wesen aus einer Dimensionswelt.<\/p>\n\n\n\n<p>Wir leben in einem Multiversum. Viele Schichten von Universen liegen parallel \u00fcber-\/unter-\/nebeneinander und wir haben Zugang zu diesen Multiversen. Zum Beispiel Astralreisen funktioniert so, unser Bewu\u00dftsein reist durch diese Multiversen und wir erleben Unglaublichkeiten.<\/p>\n\n\n\n<p>Nun \u00f6ffnet ein Kind ein Paralleluniversum, in diesem Moment verschmelzen diese zwei Universen und ein Wesen, welches die Aufmerksamkeit des Kindes bekommt, f\u00fchlt sich eingeladen zu diesem Kind zu kommen und besucht es. Ist diese Verbindung einmal hergestellt, funktioniert diese auf ewig.<\/p>\n\n\n\n<p>Sobald das Kind entweder dabei &#8222;erwischt wird&#8220;, da\u00df es sich sonderbar verh\u00e4lt, mit Unsichtbaren spricht, versuchen die &#8222;Erwachsenen&#8220;, dies zu unterbinden, da sie niemand anderen sehen oder h\u00f6ren, als das eigene Kind. Manches Mal wird ein Kind auch zu einem Psychologen gebracht, der, im schlimmsten Fall, das Kind unter Psychopharmaka stellt oder es einweist.<\/p>\n\n\n\n<p>Oft passiert es, da\u00df das Kind diesen imagin\u00e4ren Freund irgend wann ignoriert, um nicht als &#8222;verr\u00fcckt&#8220; abgestempelt zu werden oder den Eltern keinen Kummer bereiten m\u00f6chte.<\/p>\n\n\n\n<p>Nun ist es jedoch so, da\u00df der imagin\u00e4re Freund sich nicht so leicht abschieben l\u00e4\u00dft, er besucht das Kind weiterhin, da das Kind unbewu\u00dft das Dimensionstor \u00f6ffnet oder offen l\u00e4\u00dft ,bis in das Erwachsenenalter. Das Kind, sp\u00e4ter erwachsen, nimmt es jedoch nicht mehr wahr oder verliert den Zusammenhang zu dem damaligen \u201eFreund\u201c und somit wird aus dem imagin\u00e4ren Freund ein Geist, D\u00e4mon oder Poltergeist, denn dieser will weiter mit dem &#8222;Kind&#8220; spielen, seine Zeit mit ihm verbringen.<\/p>\n\n\n\n<p>Ihn jetzt los zu werden erscheint, in Anbetracht dessen, da\u00df er als solches nicht mehr wahr genommen wird, schwer.<\/p>\n\n\n\n<p>Wenn man jedoch wei\u00df, wie dieser &#8222;Freund\u201c in unser Leben treten konnte, ist es sehr einfach, diesen wieder los zu werden.<\/p>\n\n\n\n<p>Du hast ihn eingeladen, nun mu\u00dft du ihn wieder ausladen und ihm auch die T\u00fcr weisen.<\/p>\n\n\n\n<p>Es ist so einfach, wenn man wei\u00df, wie man ihm der T\u00fcr verweist.<\/p>\n\n\n\n<p>Im Ganzen ist die Sache mit den Seelen, Geistern, D\u00e4monen oder Poltergeistern nicht so kompliziert, wie es oftmals erz\u00e4hlt wird.<\/p>\n\n\n\n<p>Sie aufzusp\u00fcren recht einfach, wie auch sie wieder dahin zu bringen, wo sie herkommen.<\/p>\n\n\n\n<p>Wenn Du deine Problem gel\u00f6st haben m\u00f6chtest, dann scheue dich nicht, mit mir Kontakt auf zu nehmen.<\/p>\n\n\n\n<p>Habe bereits vielen geholfen.<\/p>\n","protected":false},"excerpt":{"rendered":"<p>Was du alles \u00fcber Geistwesen wissen solltest Es gibt unterschiedliche Geistwesen. Da w\u00e4ren erdgebundene Seelen, Poltergeister und Jene, welche uns immer wieder [&hellip;]<\/p>\n","protected":false},"author":1,"featured_media":0,"parent":0,"menu_order":0,"comment_status":"closed","ping_status":"closed","template":"page-templates\/page_fullwidth.php","meta":{"footnotes":""},"class_list":["post-86","page","type-page","status-publish","hentry"],"yoast_head":"<!-- This site is optimized with the Yoast SEO plugin v23.1 - https:\/\/yoast.com\/wordpress\/plugins\/seo\/ -->\n<title>Ver\u00f6ffentlichte Beitr\u00e4ge - Holistischer Geistheiler Manfred<\/title>\n<meta name=\"robots\" content=\"noindex, follow, max-snippet:-1, max-image-preview:large, max-video-preview:-1\" \/>\n<meta property=\"og:locale\" content=\"de_DE\" \/>\n<meta property=\"og:type\" content=\"article\" \/>\n<meta property=\"og:title\" content=\"Ver\u00f6ffentlichte Beitr\u00e4ge - Holistischer Geistheiler Manfred\" \/>\n<meta property=\"og:description\" content=\"Was du alles \u00fcber Geistwesen wissen solltest Es gibt unterschiedliche Geistwesen. Da w\u00e4ren erdgebundene Seelen, Poltergeister und Jene, welche uns immer wieder [&hellip;]\" \/>\n<meta property=\"og:url\" content=\"https:\/\/hghm.de\/?page_id=86\" \/>\n<meta property=\"og:site_name\" content=\"Holistischer Geistheiler Manfred\" \/>\n<meta property=\"article:modified_time\" content=\"2024-05-31T10:07:01+00:00\" \/>\n<meta name=\"twitter:card\" content=\"summary_large_image\" \/>\n<meta name=\"twitter:label1\" content=\"Gesch\u00e4tzte Lesezeit\" \/>\n\t<meta name=\"twitter:data1\" content=\"5\u00a0Minuten\" \/>\n<script type=\"application\/ld+json\" class=\"yoast-schema-graph\">{\"@context\":\"https:\/\/schema.org\",\"@graph\":[{\"@type\":\"WebPage\",\"@id\":\"https:\/\/hghm.de\/?page_id=86\",\"url\":\"https:\/\/hghm.de\/?page_id=86\",\"name\":\"Ver\u00f6ffentlichte Beitr\u00e4ge - Holistischer Geistheiler Manfred\",\"isPartOf\":{\"@id\":\"https:\/\/hghm.de\/#website\"},\"datePublished\":\"2024-05-31T08:44:27+00:00\",\"dateModified\":\"2024-05-31T10:07:01+00:00\",\"breadcrumb\":{\"@id\":\"https:\/\/hghm.de\/?page_id=86#breadcrumb\"},\"inLanguage\":\"de\",\"potentialAction\":[{\"@type\":\"ReadAction\",\"target\":[\"https:\/\/hghm.de\/?page_id=86\"]}]},{\"@type\":\"BreadcrumbList\",\"@id\":\"https:\/\/hghm.de\/?page_id=86#breadcrumb\",\"itemListElement\":[{\"@type\":\"ListItem\",\"position\":1,\"name\":\"Startseite\",\"item\":\"https:\/\/hghm.de\/\"},{\"@type\":\"ListItem\",\"position\":2,\"name\":\"Ver\u00f6ffentlichte Beitr\u00e4ge\"}]},{\"@type\":\"WebSite\",\"@id\":\"https:\/\/hghm.de\/#website\",\"url\":\"https:\/\/hghm.de\/\",\"name\":\"Holistischer Geistheiler Manfred\",\"description\":\"\",\"publisher\":{\"@id\":\"https:\/\/hghm.de\/#organization\"},\"potentialAction\":[{\"@type\":\"SearchAction\",\"target\":{\"@type\":\"EntryPoint\",\"urlTemplate\":\"https:\/\/hghm.de\/?s={search_term_string}\"},\"query-input\":\"required name=search_term_string\"}],\"inLanguage\":\"de\"},{\"@type\":\"Organization\",\"@id\":\"https:\/\/hghm.de\/#organization\",\"name\":\"Holistischer Geistheiler Manfred\",\"url\":\"https:\/\/hghm.de\/\",\"logo\":{\"@type\":\"ImageObject\",\"inLanguage\":\"de\",\"@id\":\"https:\/\/hghm.de\/#\/schema\/logo\/image\/\",\"url\":\"https:\/\/hghm.de\/wp-content\/uploads\/2023\/11\/Yin-Yang.jpg\",\"contentUrl\":\"https:\/\/hghm.de\/wp-content\/uploads\/2023\/11\/Yin-Yang.jpg\",\"width\":125,\"height\":125,\"caption\":\"Holistischer Geistheiler Manfred\"},\"image\":{\"@id\":\"https:\/\/hghm.de\/#\/schema\/logo\/image\/\"}}]}<\/script>\n<!-- \/ Yoast SEO plugin. -->","yoast_head_json":{"title":"Ver\u00f6ffentlichte Beitr\u00e4ge - Holistischer Geistheiler Manfred","robots":{"index":"noindex","follow":"follow","max-snippet":"max-snippet:-1","max-image-preview":"max-image-preview:large","max-video-preview":"max-video-preview:-1"},"og_locale":"de_DE","og_type":"article","og_title":"Ver\u00f6ffentlichte Beitr\u00e4ge - Holistischer Geistheiler Manfred","og_description":"Was du alles \u00fcber Geistwesen wissen solltest Es gibt unterschiedliche Geistwesen. Da w\u00e4ren erdgebundene Seelen, Poltergeister und Jene, welche uns immer wieder [&hellip;]","og_url":"https:\/\/hghm.de\/?page_id=86","og_site_name":"Holistischer Geistheiler Manfred","article_modified_time":"2024-05-31T10:07:01+00:00","twitter_card":"summary_large_image","twitter_misc":{"Gesch\u00e4tzte Lesezeit":"5\u00a0Minuten"},"schema":{"@context":"https:\/\/schema.org","@graph":[{"@type":"WebPage","@id":"https:\/\/hghm.de\/?page_id=86","url":"https:\/\/hghm.de\/?page_id=86","name":"Ver\u00f6ffentlichte Beitr\u00e4ge - Holistischer Geistheiler Manfred","isPartOf":{"@id":"https:\/\/hghm.de\/#website"},"datePublished":"2024-05-31T08:44:27+00:00","dateModified":"2024-05-31T10:07:01+00:00","breadcrumb":{"@id":"https:\/\/hghm.de\/?page_id=86#breadcrumb"},"inLanguage":"de","potentialAction":[{"@type":"ReadAction","target":["https:\/\/hghm.de\/?page_id=86"]}]},{"@type":"BreadcrumbList","@id":"https:\/\/hghm.de\/?page_id=86#breadcrumb","itemListElement":[{"@type":"ListItem","position":1,"name":"Startseite","item":"https:\/\/hghm.de\/"},{"@type":"ListItem","position":2,"name":"Ver\u00f6ffentlichte Beitr\u00e4ge"}]},{"@type":"WebSite","@id":"https:\/\/hghm.de\/#website","url":"https:\/\/hghm.de\/","name":"Holistischer Geistheiler Manfred","description":"","publisher":{"@id":"https:\/\/hghm.de\/#organization"},"potentialAction":[{"@type":"SearchAction","target":{"@type":"EntryPoint","urlTemplate":"https:\/\/hghm.de\/?s={search_term_string}"},"query-input":"required name=search_term_string"}],"inLanguage":"de"},{"@type":"Organization","@id":"https:\/\/hghm.de\/#organization","name":"Holistischer Geistheiler Manfred","url":"https:\/\/hghm.de\/","logo":{"@type":"ImageObject","inLanguage":"de","@id":"https:\/\/hghm.de\/#\/schema\/logo\/image\/","url":"https:\/\/hghm.de\/wp-content\/uploads\/2023\/11\/Yin-Yang.jpg","contentUrl":"https:\/\/hghm.de\/wp-content\/uploads\/2023\/11\/Yin-Yang.jpg","width":125,"height":125,"caption":"Holistischer Geistheiler Manfred"},"image":{"@id":"https:\/\/hghm.de\/#\/schema\/logo\/image\/"}}]}},"_links":{"self":[{"href":"https:\/\/hghm.de\/index.php?rest_route=\/wp\/v2\/pages\/86","targetHints":{"allow":["GET"]}}],"collection":[{"href":"https:\/\/hghm.de\/index.php?rest_route=\/wp\/v2\/pages"}],"about":[{"href":"https:\/\/hghm.de\/index.php?rest_route=\/wp\/v2\/types\/page"}],"author":[{"embeddable":true,"href":"https:\/\/hghm.de\/index.php?rest_route=\/wp\/v2\/users\/1"}],"replies":[{"embeddable":true,"href":"https:\/\/hghm.de\/index.php?rest_route=%2Fwp%2Fv2%2Fcomments&post=86"}],"version-history":[{"count":1,"href":"https:\/\/hghm.de\/index.php?rest_route=\/wp\/v2\/pages\/86\/revisions"}],"predecessor-version":[{"id":87,"href":"https:\/\/hghm.de\/index.php?rest_route=\/wp\/v2\/pages\/86\/revisions\/87"}],"wp:attachment":[{"href":"https:\/\/hghm.de\/index.php?rest_route=%2Fwp%2Fv2%2Fmedia&parent=86"}],"curies":[{"name":"wp","href":"https:\/\/api.w.org\/{rel}","templated":true}]}}